{"id":104,"date":"2026-02-08T15:44:46","date_gmt":"2026-02-08T12:44:46","guid":{"rendered":"https:\/\/turkishtimedergi.com\/arge500\/form\/2026\/?page_id=104"},"modified":"2026-02-09T20:44:34","modified_gmt":"2026-02-09T17:44:34","slug":"iletisim","status":"publish","type":"page","link":"https:\/\/turkishtimedergi.com\/arge500\/form\/2026\/iletisim\/","title":{"rendered":"\u0130leti\u015fim"},"content":{"rendered":"\n<p><strong>Tel:<\/strong> 0212 280 22 42<br><strong>E-Posta:<\/strong> ekip@turkiyearge250.org<\/p>\n\n\n\n<p><strong>Adres:<\/strong> D\u0131\u015f Etki \u0130leti\u015fim Ajans\u0131 ve D\u0131\u015f Ticaret A.\u015e, Maslak Mah. Maslak Meydan Sokak Beybi Giz Plaza A Blok No:1\/99 Sar\u0131yer \/ \u0130stanbul<\/p>\n\n\n\n<p><\/p>\n","protected":false},"excerpt":{"rendered":"<p>Tel: 0212 280 22 42E-Posta: ekip@turkiyearge250.org Adres: D\u0131\u015f Etki \u0130leti\u015fim Ajans\u0131 ve D\u0131\u015f Ticaret A.\u015e, Maslak Mah. Maslak Meydan Sokak Beybi Giz Plaza A Blok No:1\/99 Sar\u0131yer \/ \u0130stanbul<\/p>\n","protected":false},"author":1,"featured_media":0,"parent":0,"menu_order":0,"comment_status":"closed","ping_status":"closed","template":"","meta":{"_acf_changed":false,"footnotes":""},"class_list":["post-104","page","type-page","status-publish","hentry"],"acf":[],"_links":{"self":[{"href":"https:\/\/turkishtimedergi.com\/arge500\/form\/2026\/wp-json\/wp\/v2\/pages\/104","targetHints":{"allow":["GET"]}}],"collection":[{"href":"https:\/\/turkishtimedergi.com\/arge500\/form\/2026\/wp-json\/wp\/v2\/pages"}],"about":[{"href":"https:\/\/turkishtimedergi.com\/arge500\/form\/2026\/wp-json\/wp\/v2\/types\/page"}],"author":[{"embeddable":true,"href":"https:\/\/turkishtimedergi.com\/arge500\/form\/2026\/wp-json\/wp\/v2\/users\/1"}],"replies":[{"embeddable":true,"href":"https:\/\/turkishtimedergi.com\/arge500\/form\/2026\/wp-json\/wp\/v2\/comments?post=104"}],"version-history":[{"count":2,"href":"https:\/\/turkishtimedergi.com\/arge500\/form\/2026\/wp-json\/wp\/v2\/pages\/104\/revisions"}],"predecessor-version":[{"id":7654,"href":"https:\/\/turkishtimedergi.com\/arge500\/form\/2026\/wp-json\/wp\/v2\/pages\/104\/revisions\/7654"}],"wp:attachment":[{"href":"https:\/\/turkishtimedergi.com\/arge500\/form\/2026\/wp-json\/wp\/v2\/media?parent=104"}],"curies":[{"name":"wp","href":"https:\/\/api.w.org\/{rel}","templated":true}]}}