{"id":100,"date":"2025-02-23T16:45:38","date_gmt":"2025-02-23T13:45:38","guid":{"rendered":"https:\/\/turkishtimedergi.com\/en-verim100\/form\/2025\/?page_id=100"},"modified":"2025-02-24T23:30:19","modified_gmt":"2025-02-24T20:30:19","slug":"iletisim","status":"publish","type":"page","link":"https:\/\/turkishtimedergi.com\/en-verim100\/form\/2025\/iletisim\/","title":{"rendered":"\u0130leti\u015fim"},"content":{"rendered":"\n<p><strong>Tel:<\/strong> 0212 280 22 42<br><strong>E-Posta:<\/strong> sultankugu@enerjiverimliligi100.org, duyguerdinc@enerjiverimliligi100.org<\/p>\n\n\n\n<p><strong>Adres:<\/strong> D\u0131\u015f Etki \u0130leti\u015fim Ajans\u0131 ve D\u0131\u015f Ticaret A.\u015e, Maslak Mahallesi Maslak Meydan Sokak Beybi Giz Plaza A Blok No:1 \u0130\u00e7 Kap\u0131 No:99 Sar\u0131yer\u00a0\/\u00a0\u0130STANBUL<\/p>\n\n\n\n<p><\/p>\n","protected":false},"excerpt":{"rendered":"<p>Tel: 0212 280 22 42E-Posta: sultankugu@enerjiverimliligi100.org, duyguerdinc@enerjiverimliligi100.org Adres: D\u0131\u015f Etki \u0130leti\u015fim Ajans\u0131 ve D\u0131\u015f Ticaret A.\u015e, Maslak Mahallesi Maslak Meydan Sokak Beybi Giz Plaza A Blok No:1 \u0130\u00e7 Kap\u0131 No:99 Sar\u0131yer\u00a0\/\u00a0\u0130STANBUL<\/p>\n","protected":false},"author":1,"featured_media":0,"parent":0,"menu_order":0,"comment_status":"closed","ping_status":"closed","template":"","meta":{"_acf_changed":false,"footnotes":""},"class_list":["post-100","page","type-page","status-publish","hentry"],"acf":[],"_links":{"self":[{"href":"https:\/\/turkishtimedergi.com\/en-verim100\/form\/2025\/wp-json\/wp\/v2\/pages\/100","targetHints":{"allow":["GET"]}}],"collection":[{"href":"https:\/\/turkishtimedergi.com\/en-verim100\/form\/2025\/wp-json\/wp\/v2\/pages"}],"about":[{"href":"https:\/\/turkishtimedergi.com\/en-verim100\/form\/2025\/wp-json\/wp\/v2\/types\/page"}],"author":[{"embeddable":true,"href":"https:\/\/turkishtimedergi.com\/en-verim100\/form\/2025\/wp-json\/wp\/v2\/users\/1"}],"replies":[{"embeddable":true,"href":"https:\/\/turkishtimedergi.com\/en-verim100\/form\/2025\/wp-json\/wp\/v2\/comments?post=100"}],"version-history":[{"count":2,"href":"https:\/\/turkishtimedergi.com\/en-verim100\/form\/2025\/wp-json\/wp\/v2\/pages\/100\/revisions"}],"predecessor-version":[{"id":1392,"href":"https:\/\/turkishtimedergi.com\/en-verim100\/form\/2025\/wp-json\/wp\/v2\/pages\/100\/revisions\/1392"}],"wp:attachment":[{"href":"https:\/\/turkishtimedergi.com\/en-verim100\/form\/2025\/wp-json\/wp\/v2\/media?parent=100"}],"curies":[{"name":"wp","href":"https:\/\/api.w.org\/{rel}","templated":true}]}}